{"id":102,"date":"2024-11-24T10:50:29","date_gmt":"2024-11-24T10:50:29","guid":{"rendered":"http:\/\/solokim.com.tr\/tr\/?page_id=102"},"modified":"2024-12-22T07:30:46","modified_gmt":"2024-12-22T07:30:46","slug":"kurumsal","status":"publish","type":"page","link":"http:\/\/solokim.com.tr\/tr\/kurumsal\/","title":{"rendered":"KURUMSAL"},"content":{"rendered":"\t\t<div data-elementor-type=\"wp-page\" data-elementor-id=\"102\" class=\"elementor elementor-102\" data-elementor-post-type=\"page\">\n\t\t\t\t<div class=\"elementor-element elementor-element-7e90e75 e-con-full e-flex e-con e-parent\" data-id=\"7e90e75\" data-element_type=\"container\" data-settings=\"{&quot;background_background&quot;:&quot;classic&quot;}\">\n\t\t<div class=\"elementor-element elementor-element-bb54795 e-flex e-con-boxed e-con e-child\" data-id=\"bb54795\" data-element_type=\"container\">\n\t\t\t\t\t<div class=\"e-con-inner\">\n\t\t\t\t<div class=\"elementor-element elementor-element-610cb12 elementor-widget elementor-widget-woocommerce-breadcrumb\" data-id=\"610cb12\" data-element_type=\"widget\" data-widget_type=\"woocommerce-breadcrumb.default\">\n\t\t\t\t<div class=\"elementor-widget-container\">\n\t\t\t<nav class=\"woocommerce-breadcrumb\" aria-label=\"Breadcrumb\">Home<\/nav>\t\t<\/div>\n\t\t\t\t<\/div>\n\t\t\t\t\t<\/div>\n\t\t\t\t<\/div>\n\t\t\t\t<\/div>\n\t\t<div class=\"elementor-element elementor-element-bd405b0 e-flex e-con-boxed e-con e-parent\" data-id=\"bd405b0\" data-element_type=\"container\">\n\t\t\t\t\t<div class=\"e-con-inner\">\n\t\t<div class=\"elementor-element elementor-element-7f3a991 e-grid e-con-full e-con e-child\" data-id=\"7f3a991\" data-element_type=\"container\">\n\t\t<div class=\"elementor-element elementor-element-b93aa2f e-con-full e-flex e-con e-child\" data-id=\"b93aa2f\" data-element_type=\"container\">\n\t\t\t\t<div class=\"elementor-element elementor-element-6e88cd5 elementor-widget elementor-widget-image\" data-id=\"6e88cd5\" data-element_type=\"widget\" data-widget_type=\"image.default\">\n\t\t\t\t<div class=\"elementor-widget-container\">\n\t\t\t\t\t\t\t\t\t\t<figure class=\"wp-caption\">\n\t\t\t\t\t\t\t\t\t\t\t<a href=\"#\">\n\t\t\t\t\t\t\t<img fetchpriority=\"high\" decoding=\"async\" width=\"304\" height=\"265\" src=\"https:\/\/solokim.com.tr\/tr\/wp-content\/uploads\/2024\/12\/New-Project-1.webp\" class=\"attachment-large size-large wp-image-742\" alt=\"\" srcset=\"https:\/\/solokim.com.tr\/tr\/wp-content\/uploads\/2024\/12\/New-Project-1.webp 304w, https:\/\/solokim.com.tr\/tr\/wp-content\/uploads\/2024\/12\/New-Project-1-300x262.webp 300w\" sizes=\"(max-width: 304px) 100vw, 304px\" \/>\t\t\t\t\t\t\t\t<\/a>\n\t\t\t\t\t\t\t\t\t\t\t<figcaption class=\"widget-image-caption wp-caption-text\"><\/figcaption>\n\t\t\t\t\t\t\t\t\t\t<\/figure>\n\t\t\t\t\t\t\t<\/div>\n\t\t\t\t<\/div>\n\t\t\t\t<div class=\"elementor-element elementor-element-b81a10d elementor-widget elementor-widget-heading\" data-id=\"b81a10d\" data-element_type=\"widget\" data-widget_type=\"heading.default\">\n\t\t\t\t<div class=\"elementor-widget-container\">\n\t\t\t<h3 class=\"elementor-heading-title elementor-size-default\"><a href=\"#\">HAKKIMIZDA\n<\/a><\/h3>\t\t<\/div>\n\t\t\t\t<\/div>\n\t\t\t\t<\/div>\n\t\t<div class=\"elementor-element elementor-element-1b218f9 e-con-full e-flex e-con e-child\" data-id=\"1b218f9\" data-element_type=\"container\">\n\t\t\t\t<div class=\"elementor-element elementor-element-3226252 elementor-widget elementor-widget-image\" data-id=\"3226252\" data-element_type=\"widget\" data-widget_type=\"image.default\">\n\t\t\t\t<div class=\"elementor-widget-container\">\n\t\t\t\t\t\t\t\t\t\t<figure class=\"wp-caption\">\n\t\t\t\t\t\t\t\t\t\t\t<a href=\"#\">\n\t\t\t\t\t\t\t<img decoding=\"async\" width=\"304\" height=\"265\" src=\"https:\/\/solokim.com.tr\/tr\/wp-content\/uploads\/2024\/12\/2.webp\" class=\"attachment-large size-large wp-image-743\" alt=\"\" srcset=\"https:\/\/solokim.com.tr\/tr\/wp-content\/uploads\/2024\/12\/2.webp 304w, https:\/\/solokim.com.tr\/tr\/wp-content\/uploads\/2024\/12\/2-300x262.webp 300w\" sizes=\"(max-width: 304px) 100vw, 304px\" \/>\t\t\t\t\t\t\t\t<\/a>\n\t\t\t\t\t\t\t\t\t\t\t<figcaption class=\"widget-image-caption wp-caption-text\"><\/figcaption>\n\t\t\t\t\t\t\t\t\t\t<\/figure>\n\t\t\t\t\t\t\t<\/div>\n\t\t\t\t<\/div>\n\t\t\t\t<div class=\"elementor-element elementor-element-e6eb659 elementor-widget elementor-widget-heading\" data-id=\"e6eb659\" data-element_type=\"widget\" data-widget_type=\"heading.default\">\n\t\t\t\t<div class=\"elementor-widget-container\">\n\t\t\t<h3 class=\"elementor-heading-title elementor-size-default\"><a href=\"#\">TAR\u0130H\u00c7E<\/a><\/h3>\t\t<\/div>\n\t\t\t\t<\/div>\n\t\t\t\t<\/div>\n\t\t<div class=\"elementor-element elementor-element-8f974eb e-con-full e-flex e-con e-child\" data-id=\"8f974eb\" data-element_type=\"container\">\n\t\t\t\t<div class=\"elementor-element elementor-element-366fe4b elementor-widget elementor-widget-image\" data-id=\"366fe4b\" data-element_type=\"widget\" data-widget_type=\"image.default\">\n\t\t\t\t<div class=\"elementor-widget-container\">\n\t\t\t\t\t\t\t\t\t\t<figure class=\"wp-caption\">\n\t\t\t\t\t\t\t\t\t\t\t<a href=\"#\">\n\t\t\t\t\t\t\t<img decoding=\"async\" width=\"304\" height=\"265\" src=\"https:\/\/solokim.com.tr\/tr\/wp-content\/uploads\/2024\/12\/New-Project-2.webp\" class=\"attachment-large size-large wp-image-744\" alt=\"\" srcset=\"https:\/\/solokim.com.tr\/tr\/wp-content\/uploads\/2024\/12\/New-Project-2.webp 304w, https:\/\/solokim.com.tr\/tr\/wp-content\/uploads\/2024\/12\/New-Project-2-300x262.webp 300w\" sizes=\"(max-width: 304px) 100vw, 304px\" \/>\t\t\t\t\t\t\t\t<\/a>\n\t\t\t\t\t\t\t\t\t\t\t<figcaption class=\"widget-image-caption wp-caption-text\"><\/figcaption>\n\t\t\t\t\t\t\t\t\t\t<\/figure>\n\t\t\t\t\t\t\t<\/div>\n\t\t\t\t<\/div>\n\t\t\t\t<div class=\"elementor-element elementor-element-0fb8eb6 elementor-widget elementor-widget-heading\" data-id=\"0fb8eb6\" data-element_type=\"widget\" data-widget_type=\"heading.default\">\n\t\t\t\t<div class=\"elementor-widget-container\">\n\t\t\t<h3 class=\"elementor-heading-title elementor-size-default\"><a href=\"#\">KAL\u0130TE<\/a><\/h3>\t\t<\/div>\n\t\t\t\t<\/div>\n\t\t\t\t<\/div>\n\t\t<div class=\"elementor-element elementor-element-05dbe67 e-con-full e-flex e-con e-child\" data-id=\"05dbe67\" data-element_type=\"container\">\n\t\t\t\t<div class=\"elementor-element elementor-element-9925552 elementor-widget elementor-widget-image\" data-id=\"9925552\" data-element_type=\"widget\" data-widget_type=\"image.default\">\n\t\t\t\t<div class=\"elementor-widget-container\">\n\t\t\t\t\t\t\t\t\t\t<figure class=\"wp-caption\">\n\t\t\t\t\t\t\t\t\t\t\t<a href=\"#\">\n\t\t\t\t\t\t\t<img loading=\"lazy\" decoding=\"async\" width=\"304\" height=\"265\" src=\"https:\/\/solokim.com.tr\/tr\/wp-content\/uploads\/2024\/12\/New-Project-4.webp\" class=\"attachment-large size-large wp-image-745\" alt=\"\" srcset=\"https:\/\/solokim.com.tr\/tr\/wp-content\/uploads\/2024\/12\/New-Project-4.webp 304w, https:\/\/solokim.com.tr\/tr\/wp-content\/uploads\/2024\/12\/New-Project-4-300x262.webp 300w\" sizes=\"(max-width: 304px) 100vw, 304px\" \/>\t\t\t\t\t\t\t\t<\/a>\n\t\t\t\t\t\t\t\t\t\t\t<figcaption class=\"widget-image-caption wp-caption-text\"><\/figcaption>\n\t\t\t\t\t\t\t\t\t\t<\/figure>\n\t\t\t\t\t\t\t<\/div>\n\t\t\t\t<\/div>\n\t\t\t\t<div class=\"elementor-element elementor-element-9908be0 elementor-widget elementor-widget-heading\" data-id=\"9908be0\" data-element_type=\"widget\" data-widget_type=\"heading.default\">\n\t\t\t\t<div class=\"elementor-widget-container\">\n\t\t\t<h3 class=\"elementor-heading-title elementor-size-default\"><a href=\"#\">\u00dcRET\u0130M TES\u0130SLER\u0130<\/a><\/h3>\t\t<\/div>\n\t\t\t\t<\/div>\n\t\t\t\t<\/div>\n\t\t<div class=\"elementor-element elementor-element-d3dfa5a e-con-full e-flex e-con e-child\" data-id=\"d3dfa5a\" data-element_type=\"container\">\n\t\t\t\t<div class=\"elementor-element elementor-element-de36fb2 elementor-widget elementor-widget-image\" data-id=\"de36fb2\" data-element_type=\"widget\" data-widget_type=\"image.default\">\n\t\t\t\t<div class=\"elementor-widget-container\">\n\t\t\t\t\t\t\t\t\t\t<figure class=\"wp-caption\">\n\t\t\t\t\t\t\t\t\t\t\t<a href=\"#\">\n\t\t\t\t\t\t\t<img loading=\"lazy\" decoding=\"async\" width=\"304\" height=\"265\" src=\"https:\/\/solokim.com.tr\/tr\/wp-content\/uploads\/2024\/12\/New-Project-5.webp\" class=\"attachment-large size-large wp-image-746\" alt=\"\" srcset=\"https:\/\/solokim.com.tr\/tr\/wp-content\/uploads\/2024\/12\/New-Project-5.webp 304w, https:\/\/solokim.com.tr\/tr\/wp-content\/uploads\/2024\/12\/New-Project-5-300x262.webp 300w\" sizes=\"(max-width: 304px) 100vw, 304px\" \/>\t\t\t\t\t\t\t\t<\/a>\n\t\t\t\t\t\t\t\t\t\t\t<figcaption class=\"widget-image-caption wp-caption-text\"><\/figcaption>\n\t\t\t\t\t\t\t\t\t\t<\/figure>\n\t\t\t\t\t\t\t<\/div>\n\t\t\t\t<\/div>\n\t\t\t\t<div class=\"elementor-element elementor-element-896fdf0 elementor-widget elementor-widget-heading\" data-id=\"896fdf0\" data-element_type=\"widget\" data-widget_type=\"heading.default\">\n\t\t\t\t<div class=\"elementor-widget-container\">\n\t\t\t<h3 class=\"elementor-heading-title elementor-size-default\"><a href=\"#\">G\u00dcNCEL\n<\/a><\/h3>\t\t<\/div>\n\t\t\t\t<\/div>\n\t\t\t\t<\/div>\n\t\t<div class=\"elementor-element elementor-element-fdc05d5 e-con-full e-flex e-con e-child\" data-id=\"fdc05d5\" data-element_type=\"container\">\n\t\t\t\t<div class=\"elementor-element elementor-element-f6546b0 elementor-widget elementor-widget-image\" data-id=\"f6546b0\" data-element_type=\"widget\" data-widget_type=\"image.default\">\n\t\t\t\t<div class=\"elementor-widget-container\">\n\t\t\t\t\t\t\t\t\t\t<figure class=\"wp-caption\">\n\t\t\t\t\t\t\t\t\t\t\t<a href=\"#\">\n\t\t\t\t\t\t\t<img loading=\"lazy\" decoding=\"async\" width=\"304\" height=\"265\" src=\"https:\/\/solokim.com.tr\/tr\/wp-content\/uploads\/2024\/12\/New-Project-6.webp\" class=\"attachment-large size-large wp-image-747\" alt=\"\" srcset=\"https:\/\/solokim.com.tr\/tr\/wp-content\/uploads\/2024\/12\/New-Project-6.webp 304w, https:\/\/solokim.com.tr\/tr\/wp-content\/uploads\/2024\/12\/New-Project-6-300x262.webp 300w\" sizes=\"(max-width: 304px) 100vw, 304px\" \/>\t\t\t\t\t\t\t\t<\/a>\n\t\t\t\t\t\t\t\t\t\t\t<figcaption class=\"widget-image-caption wp-caption-text\"><\/figcaption>\n\t\t\t\t\t\t\t\t\t\t<\/figure>\n\t\t\t\t\t\t\t<\/div>\n\t\t\t\t<\/div>\n\t\t\t\t<div class=\"elementor-element elementor-element-6474d6d elementor-widget elementor-widget-heading\" data-id=\"6474d6d\" data-element_type=\"widget\" data-widget_type=\"heading.default\">\n\t\t\t\t<div class=\"elementor-widget-container\">\n\t\t\t<h3 class=\"elementor-heading-title elementor-size-default\"><a href=\"#\">LOGOLAR<\/a><\/h3>\t\t<\/div>\n\t\t\t\t<\/div>\n\t\t\t\t<\/div>\n\t\t\t\t<\/div>\n\t\t\t\t\t<\/div>\n\t\t\t\t<\/div>\n\t\t\t\t<\/div>\n\t\t","protected":false},"excerpt":{"rendered":"<p>HAKKIMIZDA TAR\u0130H\u00c7E KAL\u0130TE \u00dcRET\u0130M TES\u0130SLER\u0130 G\u00dcNCEL LOGOLAR<\/p>\n","protected":false},"author":1,"featured_media":0,"parent":0,"menu_order":0,"comment_status":"closed","ping_status":"closed","template":"","meta":{"footnotes":""},"class_list":["post-102","page","type-page","status-publish","hentry"],"_links":{"self":[{"href":"http:\/\/solokim.com.tr\/tr\/wp-json\/wp\/v2\/pages\/102","targetHints":{"allow":["GET"]}}],"collection":[{"href":"http:\/\/solokim.com.tr\/tr\/wp-json\/wp\/v2\/pages"}],"about":[{"href":"http:\/\/solokim.com.tr\/tr\/wp-json\/wp\/v2\/types\/page"}],"author":[{"embeddable":true,"href":"http:\/\/solokim.com.tr\/tr\/wp-json\/wp\/v2\/users\/1"}],"replies":[{"embeddable":true,"href":"http:\/\/solokim.com.tr\/tr\/wp-json\/wp\/v2\/comments?post=102"}],"version-history":[{"count":22,"href":"http:\/\/solokim.com.tr\/tr\/wp-json\/wp\/v2\/pages\/102\/revisions"}],"predecessor-version":[{"id":762,"href":"http:\/\/solokim.com.tr\/tr\/wp-json\/wp\/v2\/pages\/102\/revisions\/762"}],"wp:attachment":[{"href":"http:\/\/solokim.com.tr\/tr\/wp-json\/wp\/v2\/media?parent=102"}],"curies":[{"name":"wp","href":"https:\/\/api.w.org\/{rel}","templated":true}]}}