{"id":104,"date":"2024-11-24T10:50:43","date_gmt":"2024-11-24T10:50:43","guid":{"rendered":"http:\/\/solokim.com.tr\/tr\/?page_id=104"},"modified":"2024-12-14T07:24:31","modified_gmt":"2024-12-14T07:24:31","slug":"urunler","status":"publish","type":"page","link":"http:\/\/solokim.com.tr\/tr\/urunler\/","title":{"rendered":"\u00dcR\u00dcNLER"},"content":{"rendered":"\t\t<div data-elementor-type=\"wp-page\" data-elementor-id=\"104\" class=\"elementor elementor-104\" data-elementor-post-type=\"page\">\n\t\t\t\t<div class=\"elementor-element elementor-element-cd0d968 e-con-full e-flex e-con e-parent\" data-id=\"cd0d968\" data-element_type=\"container\" data-settings=\"{&quot;background_background&quot;:&quot;classic&quot;}\">\n\t\t<div class=\"elementor-element elementor-element-0d8e781 e-flex e-con-boxed e-con e-child\" data-id=\"0d8e781\" data-element_type=\"container\">\n\t\t\t\t\t<div class=\"e-con-inner\">\n\t\t\t\t<div class=\"elementor-element elementor-element-b37cf21 elementor-widget elementor-widget-woocommerce-breadcrumb\" data-id=\"b37cf21\" data-element_type=\"widget\" data-widget_type=\"woocommerce-breadcrumb.default\">\n\t\t\t\t<div class=\"elementor-widget-container\">\n\t\t\t<nav class=\"woocommerce-breadcrumb\" aria-label=\"Breadcrumb\">Home<\/nav>\t\t<\/div>\n\t\t\t\t<\/div>\n\t\t\t\t\t<\/div>\n\t\t\t\t<\/div>\n\t\t\t\t<\/div>\n\t\t<div class=\"elementor-element elementor-element-c1db7a6 e-flex e-con-boxed e-con e-parent\" data-id=\"c1db7a6\" data-element_type=\"container\">\n\t\t\t\t\t<div class=\"e-con-inner\">\n\t\t\t\t<div class=\"elementor-element elementor-element-dc9c15c elementor-product-loop-item--align-center elementor-grid-tablet-4 elementor-grid-mobile-2 elementor-grid-4 elementor-products-grid elementor-wc-products elementor-widget elementor-widget-wc-categories\" data-id=\"dc9c15c\" data-element_type=\"widget\" data-widget_type=\"wc-categories.default\">\n\t\t\t\t<div class=\"elementor-widget-container\">\n\t\t\t<div class=\"woocommerce columns-4\"><ul class=\"products elementor-grid columns-4\">\n<li class=\"product-category product first\">\n\t<a aria-label=\"Visit product category ZEM\u0130N GRUBU\" href=\"http:\/\/solokim.com.tr\/tr\/product-category\/zemin-grubu\/\"><img fetchpriority=\"high\" decoding=\"async\" src=\"http:\/\/solokim.com.tr\/tr\/wp-content\/uploads\/2024\/11\/ZEMIN-GRUBU-300x256.webp\" alt=\"ZEM\u0130N GRUBU\" width=\"300\" height=\"300\" \/>\t\t<h2 class=\"woocommerce-loop-category__title\">\n\t\t\tZEM\u0130N GRUBU\t\t<\/h2>\n\t\t<\/a><\/li>\n<li class=\"product-category product\">\n\t<a aria-label=\"Visit product category Y\u00dcZEY TEM\u0130ZL\u0130K VE BAKIM MALZEMELER\u0130\" href=\"http:\/\/solokim.com.tr\/tr\/product-category\/surface-cleaning-and-maintenance-materials\/\"><img decoding=\"async\" src=\"http:\/\/solokim.com.tr\/tr\/wp-content\/uploads\/2024\/11\/YUZEY-TEMIZLIK-VE-BAKIM-MALZEMELERI-300x256.webp\" alt=\"Y\u00dcZEY TEM\u0130ZL\u0130K VE BAKIM MALZEMELER\u0130\" width=\"300\" height=\"300\" \/>\t\t<h2 class=\"woocommerce-loop-category__title\">\n\t\t\tY\u00dcZEY TEM\u0130ZL\u0130K VE BAKIM MALZEMELER\u0130\t\t<\/h2>\n\t\t<\/a><\/li>\n<li class=\"product-category product\">\n\t<a aria-label=\"Visit product category YAPI\u015eTIRMA HAR\u00c7LARI\" href=\"http:\/\/solokim.com.tr\/tr\/product-category\/adhesive-mortars\/\"><img decoding=\"async\" src=\"http:\/\/solokim.com.tr\/tr\/wp-content\/uploads\/2024\/11\/Frame-1000004964-300x256.webp\" alt=\"YAPI\u015eTIRMA HAR\u00c7LARI\" width=\"300\" height=\"300\" \/>\t\t<h2 class=\"woocommerce-loop-category__title\">\n\t\t\tYAPI\u015eTIRMA HAR\u00c7LARI\t\t<\/h2>\n\t\t<\/a><\/li>\n<li class=\"product-category product last\">\n\t<a aria-label=\"Visit product category TAM\u0130R HAR\u00c7LARI VE RESTORASYON SIVALARI\" href=\"http:\/\/solokim.com.tr\/tr\/product-category\/tamir-harclari-ve-restorasyon-sivalari\/\"><img loading=\"lazy\" decoding=\"async\" src=\"http:\/\/solokim.com.tr\/tr\/wp-content\/uploads\/2024\/11\/TAMIR-HARCLARI-VE-RESTORASYON-SIVALARI-300x256.webp\" alt=\"TAM\u0130R HAR\u00c7LARI VE RESTORASYON SIVALARI\" width=\"300\" height=\"300\" \/>\t\t<h2 class=\"woocommerce-loop-category__title\">\n\t\t\tTAM\u0130R HAR\u00c7LARI VE RESTORASYON SIVALARI\t\t<\/h2>\n\t\t<\/a><\/li>\n<li class=\"product-category product first\">\n\t<a aria-label=\"Visit product category SU YALITIM MALZEMELER\u0130\" href=\"http:\/\/solokim.com.tr\/tr\/product-category\/su-yalitim-malzemeleri\/\"><img loading=\"lazy\" decoding=\"async\" src=\"http:\/\/solokim.com.tr\/tr\/wp-content\/uploads\/2024\/11\/SU-YALITIM-MALZEMELERI-300x256.webp\" alt=\"SU YALITIM MALZEMELER\u0130\" width=\"300\" height=\"300\" \/>\t\t<h2 class=\"woocommerce-loop-category__title\">\n\t\t\tSU YALITIM MALZEMELER\u0130 <mark class=\"count\">(2)<\/mark>\t\t<\/h2>\n\t\t<\/a><\/li>\n<li class=\"product-category product\">\n\t<a aria-label=\"Visit product category S\u0130L\u0130KON VE MAST\u0130KLER\" href=\"http:\/\/solokim.com.tr\/tr\/product-category\/silikon-ve-mastikler\/\"><img loading=\"lazy\" decoding=\"async\" src=\"http:\/\/solokim.com.tr\/tr\/wp-content\/uploads\/2024\/11\/SILIKON-VE-MASTIKLER-300x256.webp\" alt=\"S\u0130L\u0130KON VE MAST\u0130KLER\" width=\"300\" height=\"300\" \/>\t\t<h2 class=\"woocommerce-loop-category__title\">\n\t\t\tS\u0130L\u0130KON VE MAST\u0130KLER <mark class=\"count\">(2)<\/mark>\t\t<\/h2>\n\t\t<\/a><\/li>\n<li class=\"product-category product\">\n\t<a aria-label=\"Visit product category PERFORMANS ARTTIRICI ASTARLAR VE KATKILAR\" href=\"http:\/\/solokim.com.tr\/tr\/product-category\/performance-increasing-primer-and-additives\/\"><img loading=\"lazy\" decoding=\"async\" src=\"http:\/\/solokim.com.tr\/tr\/wp-content\/uploads\/2024\/11\/PERFORMANS-ARTTIRICI-ASTARLAR-VE-KATKILAR-300x256.webp\" alt=\"PERFORMANS ARTTIRICI ASTARLAR VE KATKILAR\" width=\"300\" height=\"300\" \/>\t\t<h2 class=\"woocommerce-loop-category__title\">\n\t\t\tPERFORMANS ARTTIRICI ASTARLAR VE KATKILAR <mark class=\"count\">(2)<\/mark>\t\t<\/h2>\n\t\t<\/a><\/li>\n<li class=\"product-category product last\">\n\t<a aria-label=\"Visit product category DERZ DOLGU MALZEMELER\u0130\" href=\"http:\/\/solokim.com.tr\/tr\/product-category\/joint-filling-materials\/\"><img loading=\"lazy\" decoding=\"async\" src=\"http:\/\/solokim.com.tr\/tr\/wp-content\/uploads\/2024\/11\/DERZ-DOLGU-MALZEMELERI-300x256.webp\" alt=\"DERZ DOLGU MALZEMELER\u0130\" width=\"300\" height=\"300\" \/>\t\t<h2 class=\"woocommerce-loop-category__title\">\n\t\t\tDERZ DOLGU MALZEMELER\u0130 <mark class=\"count\">(2)<\/mark>\t\t<\/h2>\n\t\t<\/a><\/li>\n<\/ul>\n<\/div>\t\t<\/div>\n\t\t\t\t<\/div>\n\t\t\t\t\t<\/div>\n\t\t\t\t<\/div>\n\t\t\t\t<\/div>\n\t\t","protected":false},"excerpt":{"rendered":"","protected":false},"author":1,"featured_media":0,"parent":0,"menu_order":0,"comment_status":"closed","ping_status":"closed","template":"","meta":{"footnotes":""},"class_list":["post-104","page","type-page","status-publish","hentry"],"_links":{"self":[{"href":"http:\/\/solokim.com.tr\/tr\/wp-json\/wp\/v2\/pages\/104","targetHints":{"allow":["GET"]}}],"collection":[{"href":"http:\/\/solokim.com.tr\/tr\/wp-json\/wp\/v2\/pages"}],"about":[{"href":"http:\/\/solokim.com.tr\/tr\/wp-json\/wp\/v2\/types\/page"}],"author":[{"embeddable":true,"href":"http:\/\/solokim.com.tr\/tr\/wp-json\/wp\/v2\/users\/1"}],"replies":[{"embeddable":true,"href":"http:\/\/solokim.com.tr\/tr\/wp-json\/wp\/v2\/comments?post=104"}],"version-history":[{"count":46,"href":"http:\/\/solokim.com.tr\/tr\/wp-json\/wp\/v2\/pages\/104\/revisions"}],"predecessor-version":[{"id":715,"href":"http:\/\/solokim.com.tr\/tr\/wp-json\/wp\/v2\/pages\/104\/revisions\/715"}],"wp:attachment":[{"href":"http:\/\/solokim.com.tr\/tr\/wp-json\/wp\/v2\/media?parent=104"}],"curies":[{"name":"wp","href":"https:\/\/api.w.org\/{rel}","templated":true}]}}