{"id":108,"date":"2024-11-24T10:52:18","date_gmt":"2024-11-24T10:52:18","guid":{"rendered":"http:\/\/solokim.com.tr\/tr\/?page_id=108"},"modified":"2024-12-04T11:41:55","modified_gmt":"2024-12-04T11:41:55","slug":"galeri","status":"publish","type":"page","link":"http:\/\/solokim.com.tr\/tr\/galeri\/","title":{"rendered":"Galeri"},"content":{"rendered":"\t\t<div data-elementor-type=\"wp-page\" data-elementor-id=\"108\" class=\"elementor elementor-108\" data-elementor-post-type=\"page\">\n\t\t\t\t<div class=\"elementor-element elementor-element-7e7d3c5 e-con-full e-flex e-con e-parent\" data-id=\"7e7d3c5\" data-element_type=\"container\" data-settings=\"{&quot;background_background&quot;:&quot;classic&quot;}\">\n\t\t<div class=\"elementor-element elementor-element-beb92a3 e-flex e-con-boxed e-con e-child\" data-id=\"beb92a3\" data-element_type=\"container\">\n\t\t\t\t\t<div class=\"e-con-inner\">\n\t\t\t\t<div class=\"elementor-element elementor-element-7c37cb3 elementor-widget elementor-widget-woocommerce-breadcrumb\" data-id=\"7c37cb3\" data-element_type=\"widget\" data-widget_type=\"woocommerce-breadcrumb.default\">\n\t\t\t\t<div class=\"elementor-widget-container\">\n\t\t\t<nav class=\"woocommerce-breadcrumb\" aria-label=\"Breadcrumb\">Home<\/nav>\t\t<\/div>\n\t\t\t\t<\/div>\n\t\t\t\t\t<\/div>\n\t\t\t\t<\/div>\n\t\t\t\t<\/div>\n\t\t<div class=\"elementor-element elementor-element-73cf30d e-flex e-con-boxed e-con e-parent\" data-id=\"73cf30d\" data-element_type=\"container\">\n\t\t\t\t\t<div class=\"e-con-inner\">\n\t\t\t\t<div class=\"elementor-element elementor-element-e82d8bc elementor-widget elementor-widget-gallery\" data-id=\"e82d8bc\" data-element_type=\"widget\" data-settings=\"{&quot;aspect_ratio&quot;:&quot;1:1&quot;,&quot;image_hover_animation&quot;:&quot;grow&quot;,&quot;columns_tablet&quot;:3,&quot;columns_mobile&quot;:2,&quot;lazyload&quot;:&quot;yes&quot;,&quot;gallery_layout&quot;:&quot;grid&quot;,&quot;columns&quot;:4,&quot;gap&quot;:{&quot;unit&quot;:&quot;px&quot;,&quot;size&quot;:10,&quot;sizes&quot;:[]},&quot;gap_tablet&quot;:{&quot;unit&quot;:&quot;px&quot;,&quot;size&quot;:10,&quot;sizes&quot;:[]},&quot;gap_mobile&quot;:{&quot;unit&quot;:&quot;px&quot;,&quot;size&quot;:10,&quot;sizes&quot;:[]},&quot;link_to&quot;:&quot;file&quot;,&quot;overlay_background&quot;:&quot;yes&quot;,&quot;content_hover_animation&quot;:&quot;fade-in&quot;}\" data-widget_type=\"gallery.default\">\n\t\t\t\t<div class=\"elementor-widget-container\">\n\t\t\t\t\t<div class=\"elementor-gallery__container\">\n\t\t\t\t\t\t\t<a class=\"e-gallery-item elementor-gallery-item elementor-animated-content\" href=\"https:\/\/solokim.com.tr\/tr\/wp-content\/uploads\/2024\/11\/Rectangle-3431-3.webp\" data-elementor-open-lightbox=\"yes\" data-elementor-lightbox-slideshow=\"e82d8bc\" data-elementor-lightbox-title=\"Rectangle 3431 (3)\" data-e-action-hash=\"#elementor-action%3Aaction%3Dlightbox%26settings%3DeyJpZCI6OTMsInVybCI6Imh0dHBzOlwvXC9zb2xva2ltLmNvbS50clwvdHJcL3dwLWNvbnRlbnRcL3VwbG9hZHNcLzIwMjRcLzExXC9SZWN0YW5nbGUtMzQzMS0zLndlYnAiLCJzbGlkZXNob3ciOiJlODJkOGJjIn0%3D\">\n\t\t\t\t\t<div class=\"e-gallery-image elementor-gallery-item__image\" data-thumbnail=\"https:\/\/solokim.com.tr\/tr\/wp-content\/uploads\/2024\/11\/Rectangle-3431-3.webp\" data-width=\"340\" data-height=\"321\" aria-label=\"\" role=\"img\" ><\/div>\n\t\t\t\t\t\t\t\t\t\t\t<div class=\"elementor-gallery-item__overlay\"><\/div>\n\t\t\t\t\t\t\t\t\t\t\t\t\t\t<\/a>\n\t\t\t\t\t\t\t<a class=\"e-gallery-item elementor-gallery-item elementor-animated-content\" href=\"https:\/\/solokim.com.tr\/tr\/wp-content\/uploads\/2024\/11\/Rectangle-3431-2.webp\" data-elementor-open-lightbox=\"yes\" data-elementor-lightbox-slideshow=\"e82d8bc\" data-elementor-lightbox-title=\"Rectangle 3431 (2)\" data-e-action-hash=\"#elementor-action%3Aaction%3Dlightbox%26settings%3DeyJpZCI6ODksInVybCI6Imh0dHBzOlwvXC9zb2xva2ltLmNvbS50clwvdHJcL3dwLWNvbnRlbnRcL3VwbG9hZHNcLzIwMjRcLzExXC9SZWN0YW5nbGUtMzQzMS0yLndlYnAiLCJzbGlkZXNob3ciOiJlODJkOGJjIn0%3D\">\n\t\t\t\t\t<div class=\"e-gallery-image elementor-gallery-item__image\" data-thumbnail=\"https:\/\/solokim.com.tr\/tr\/wp-content\/uploads\/2024\/11\/Rectangle-3431-2.webp\" data-width=\"341\" data-height=\"321\" aria-label=\"\" role=\"img\" ><\/div>\n\t\t\t\t\t\t\t\t\t\t\t<div class=\"elementor-gallery-item__overlay\"><\/div>\n\t\t\t\t\t\t\t\t\t\t\t\t\t\t<\/a>\n\t\t\t\t\t\t\t<a class=\"e-gallery-item elementor-gallery-item elementor-animated-content\" href=\"https:\/\/solokim.com.tr\/tr\/wp-content\/uploads\/2024\/11\/Rectangle-3431-1.webp\" data-elementor-open-lightbox=\"yes\" data-elementor-lightbox-slideshow=\"e82d8bc\" data-elementor-lightbox-title=\"Rectangle 3431 (1)\" data-e-action-hash=\"#elementor-action%3Aaction%3Dlightbox%26settings%3DeyJpZCI6ODYsInVybCI6Imh0dHBzOlwvXC9zb2xva2ltLmNvbS50clwvdHJcL3dwLWNvbnRlbnRcL3VwbG9hZHNcLzIwMjRcLzExXC9SZWN0YW5nbGUtMzQzMS0xLndlYnAiLCJzbGlkZXNob3ciOiJlODJkOGJjIn0%3D\">\n\t\t\t\t\t<div class=\"e-gallery-image elementor-gallery-item__image\" data-thumbnail=\"https:\/\/solokim.com.tr\/tr\/wp-content\/uploads\/2024\/11\/Rectangle-3431-1.webp\" data-width=\"341\" data-height=\"321\" aria-label=\"\" role=\"img\" ><\/div>\n\t\t\t\t\t\t\t\t\t\t\t<div class=\"elementor-gallery-item__overlay\"><\/div>\n\t\t\t\t\t\t\t\t\t\t\t\t\t\t<\/a>\n\t\t\t\t\t\t\t<a class=\"e-gallery-item elementor-gallery-item elementor-animated-content\" href=\"https:\/\/solokim.com.tr\/tr\/wp-content\/uploads\/2024\/11\/Makale-basligi-ve-olay.webp\" data-elementor-open-lightbox=\"yes\" data-elementor-lightbox-slideshow=\"e82d8bc\" data-elementor-lightbox-title=\"Makale ba\u015fl\u0131\u011f\u0131 ve olay\" data-e-action-hash=\"#elementor-action%3Aaction%3Dlightbox%26settings%3DeyJpZCI6ODMsInVybCI6Imh0dHBzOlwvXC9zb2xva2ltLmNvbS50clwvdHJcL3dwLWNvbnRlbnRcL3VwbG9hZHNcLzIwMjRcLzExXC9NYWthbGUtYmFzbGlnaS12ZS1vbGF5LndlYnAiLCJzbGlkZXNob3ciOiJlODJkOGJjIn0%3D\">\n\t\t\t\t\t<div class=\"e-gallery-image elementor-gallery-item__image\" data-thumbnail=\"https:\/\/solokim.com.tr\/tr\/wp-content\/uploads\/2024\/11\/Makale-basligi-ve-olay.webp\" data-width=\"340\" data-height=\"321\" aria-label=\"\" role=\"img\" ><\/div>\n\t\t\t\t\t\t\t\t\t\t\t<div class=\"elementor-gallery-item__overlay\"><\/div>\n\t\t\t\t\t\t\t\t\t\t\t\t\t\t<\/a>\n\t\t\t\t\t<\/div>\n\t\t\t<\/div>\n\t\t\t\t<\/div>\n\t\t\t\t\t<\/div>\n\t\t\t\t<\/div>\n\t\t\t\t<\/div>\n\t\t","protected":false},"excerpt":{"rendered":"","protected":false},"author":1,"featured_media":0,"parent":0,"menu_order":0,"comment_status":"closed","ping_status":"closed","template":"","meta":{"footnotes":""},"class_list":["post-108","page","type-page","status-publish","hentry"],"_links":{"self":[{"href":"http:\/\/solokim.com.tr\/tr\/wp-json\/wp\/v2\/pages\/108","targetHints":{"allow":["GET"]}}],"collection":[{"href":"http:\/\/solokim.com.tr\/tr\/wp-json\/wp\/v2\/pages"}],"about":[{"href":"http:\/\/solokim.com.tr\/tr\/wp-json\/wp\/v2\/types\/page"}],"author":[{"embeddable":true,"href":"http:\/\/solokim.com.tr\/tr\/wp-json\/wp\/v2\/users\/1"}],"replies":[{"embeddable":true,"href":"http:\/\/solokim.com.tr\/tr\/wp-json\/wp\/v2\/comments?post=108"}],"version-history":[{"count":17,"href":"http:\/\/solokim.com.tr\/tr\/wp-json\/wp\/v2\/pages\/108\/revisions"}],"predecessor-version":[{"id":674,"href":"http:\/\/solokim.com.tr\/tr\/wp-json\/wp\/v2\/pages\/108\/revisions\/674"}],"wp:attachment":[{"href":"http:\/\/solokim.com.tr\/tr\/wp-json\/wp\/v2\/media?parent=108"}],"curies":[{"name":"wp","href":"https:\/\/api.w.org\/{rel}","templated":true}]}}