{"id":112,"date":"2024-11-24T10:53:03","date_gmt":"2024-11-24T10:53:03","guid":{"rendered":"http:\/\/solokim.com.tr\/tr\/?page_id=112"},"modified":"2025-02-04T07:08:00","modified_gmt":"2025-02-04T07:08:00","slug":"dokumanlar","status":"publish","type":"page","link":"http:\/\/solokim.com.tr\/tr\/dokumanlar\/","title":{"rendered":"DOK\u00dcMANLAR"},"content":{"rendered":"\t\t<div data-elementor-type=\"wp-page\" data-elementor-id=\"112\" class=\"elementor elementor-112\" data-elementor-post-type=\"page\">\n\t\t\t\t<div class=\"elementor-element elementor-element-99f23b1 e-con-full e-flex e-con e-parent\" data-id=\"99f23b1\" data-element_type=\"container\" data-settings=\"{&quot;background_background&quot;:&quot;classic&quot;}\">\n\t\t<div class=\"elementor-element elementor-element-cbcf11b e-flex e-con-boxed e-con e-child\" data-id=\"cbcf11b\" data-element_type=\"container\">\n\t\t\t\t\t<div class=\"e-con-inner\">\n\t\t\t\t<div class=\"elementor-element elementor-element-a645bda elementor-widget elementor-widget-woocommerce-breadcrumb\" data-id=\"a645bda\" data-element_type=\"widget\" data-widget_type=\"woocommerce-breadcrumb.default\">\n\t\t\t\t<div class=\"elementor-widget-container\">\n\t\t\t<nav class=\"woocommerce-breadcrumb\" aria-label=\"Breadcrumb\">Home<\/nav>\t\t<\/div>\n\t\t\t\t<\/div>\n\t\t\t\t\t<\/div>\n\t\t\t\t<\/div>\n\t\t\t\t<\/div>\n\t\t<div class=\"elementor-element elementor-element-c905e95 e-flex e-con-boxed e-con e-parent\" data-id=\"c905e95\" data-element_type=\"container\">\n\t\t\t\t\t<div class=\"e-con-inner\">\n\t\t<div class=\"elementor-element elementor-element-f91de04 e-grid e-con-full e-con e-child\" data-id=\"f91de04\" data-element_type=\"container\">\n\t\t<div class=\"elementor-element elementor-element-1afb185 e-con-full e-flex e-con e-child\" data-id=\"1afb185\" data-element_type=\"container\">\n\t\t\t\t<div class=\"elementor-element elementor-element-4c417d5 elementor-widget elementor-widget-image\" data-id=\"4c417d5\" data-element_type=\"widget\" data-widget_type=\"image.default\">\n\t\t\t\t<div class=\"elementor-widget-container\">\n\t\t\t\t\t\t\t\t\t\t<figure class=\"wp-caption\">\n\t\t\t\t\t\t\t\t\t\t\t<a href=\"#\">\n\t\t\t\t\t\t\t<img fetchpriority=\"high\" decoding=\"async\" width=\"512\" height=\"512\" src=\"http:\/\/solokim.com.tr\/tr\/wp-content\/uploads\/2024\/12\/006-catalog.webp\" class=\"attachment-large size-large wp-image-771\" alt=\"\" srcset=\"http:\/\/solokim.com.tr\/tr\/wp-content\/uploads\/2024\/12\/006-catalog.webp 512w, http:\/\/solokim.com.tr\/tr\/wp-content\/uploads\/2024\/12\/006-catalog-300x300.webp 300w, http:\/\/solokim.com.tr\/tr\/wp-content\/uploads\/2024\/12\/006-catalog-150x150.webp 150w, http:\/\/solokim.com.tr\/tr\/wp-content\/uploads\/2024\/12\/006-catalog-100x100.webp 100w\" sizes=\"(max-width: 512px) 100vw, 512px\" \/>\t\t\t\t\t\t\t\t<\/a>\n\t\t\t\t\t\t\t\t\t\t\t<figcaption class=\"widget-image-caption wp-caption-text\"><\/figcaption>\n\t\t\t\t\t\t\t\t\t\t<\/figure>\n\t\t\t\t\t\t\t<\/div>\n\t\t\t\t<\/div>\n\t\t\t\t<div class=\"elementor-element elementor-element-d6870d0 elementor-widget elementor-widget-heading\" data-id=\"d6870d0\" data-element_type=\"widget\" data-widget_type=\"heading.default\">\n\t\t\t\t<div class=\"elementor-widget-container\">\n\t\t\t<h3 class=\"elementor-heading-title elementor-size-default\"><a href=\"#\">KATALOGLAR\n<\/a><\/h3>\t\t<\/div>\n\t\t\t\t<\/div>\n\t\t\t\t<\/div>\n\t\t<div class=\"elementor-element elementor-element-034da93 e-con-full e-flex e-con e-child\" data-id=\"034da93\" data-element_type=\"container\">\n\t\t\t\t<div class=\"elementor-element elementor-element-498e193 elementor-widget__width-initial elementor-widget elementor-widget-image\" data-id=\"498e193\" data-element_type=\"widget\" data-widget_type=\"image.default\">\n\t\t\t\t<div class=\"elementor-widget-container\">\n\t\t\t\t\t\t\t\t\t\t<figure class=\"wp-caption\">\n\t\t\t\t\t\t\t\t\t\t\t<a href=\"#\">\n\t\t\t\t\t\t\t<img decoding=\"async\" width=\"512\" height=\"512\" src=\"http:\/\/solokim.com.tr\/tr\/wp-content\/uploads\/2024\/12\/006-catalog-1.webp\" class=\"attachment-large size-large wp-image-772\" alt=\"\" srcset=\"http:\/\/solokim.com.tr\/tr\/wp-content\/uploads\/2024\/12\/006-catalog-1.webp 512w, http:\/\/solokim.com.tr\/tr\/wp-content\/uploads\/2024\/12\/006-catalog-1-300x300.webp 300w, http:\/\/solokim.com.tr\/tr\/wp-content\/uploads\/2024\/12\/006-catalog-1-150x150.webp 150w, http:\/\/solokim.com.tr\/tr\/wp-content\/uploads\/2024\/12\/006-catalog-1-100x100.webp 100w\" sizes=\"(max-width: 512px) 100vw, 512px\" \/>\t\t\t\t\t\t\t\t<\/a>\n\t\t\t\t\t\t\t\t\t\t\t<figcaption class=\"widget-image-caption wp-caption-text\"><\/figcaption>\n\t\t\t\t\t\t\t\t\t\t<\/figure>\n\t\t\t\t\t\t\t<\/div>\n\t\t\t\t<\/div>\n\t\t\t\t<div class=\"elementor-element elementor-element-89c1cb8 elementor-widget elementor-widget-heading\" data-id=\"89c1cb8\" data-element_type=\"widget\" data-widget_type=\"heading.default\">\n\t\t\t\t<div class=\"elementor-widget-container\">\n\t\t\t<h3 class=\"elementor-heading-title elementor-size-default\"><a href=\"#\">F\u0130YAT L\u0130STELER\u0130<\/a><\/h3>\t\t<\/div>\n\t\t\t\t<\/div>\n\t\t\t\t<\/div>\n\t\t<div class=\"elementor-element elementor-element-c90bec1 e-con-full e-flex e-con e-child\" data-id=\"c90bec1\" data-element_type=\"container\">\n\t\t\t\t<div class=\"elementor-element elementor-element-32688ae elementor-widget elementor-widget-image\" data-id=\"32688ae\" data-element_type=\"widget\" data-widget_type=\"image.default\">\n\t\t\t\t<div class=\"elementor-widget-container\">\n\t\t\t\t\t\t\t\t\t\t<figure class=\"wp-caption\">\n\t\t\t\t\t\t\t\t\t\t\t<a href=\"#\">\n\t\t\t\t\t\t\t<img decoding=\"async\" width=\"512\" height=\"512\" src=\"http:\/\/solokim.com.tr\/tr\/wp-content\/uploads\/2025\/02\/006-catalog-1-1.webp\" class=\"attachment-large size-large wp-image-825\" alt=\"\" srcset=\"http:\/\/solokim.com.tr\/tr\/wp-content\/uploads\/2025\/02\/006-catalog-1-1.webp 512w, http:\/\/solokim.com.tr\/tr\/wp-content\/uploads\/2025\/02\/006-catalog-1-1-300x300.webp 300w, http:\/\/solokim.com.tr\/tr\/wp-content\/uploads\/2025\/02\/006-catalog-1-1-150x150.webp 150w, http:\/\/solokim.com.tr\/tr\/wp-content\/uploads\/2025\/02\/006-catalog-1-1-100x100.webp 100w\" sizes=\"(max-width: 512px) 100vw, 512px\" \/>\t\t\t\t\t\t\t\t<\/a>\n\t\t\t\t\t\t\t\t\t\t\t<figcaption class=\"widget-image-caption wp-caption-text\"><\/figcaption>\n\t\t\t\t\t\t\t\t\t\t<\/figure>\n\t\t\t\t\t\t\t<\/div>\n\t\t\t\t<\/div>\n\t\t\t\t<div class=\"elementor-element elementor-element-6c8c0b2 elementor-widget elementor-widget-heading\" data-id=\"6c8c0b2\" data-element_type=\"widget\" data-widget_type=\"heading.default\">\n\t\t\t\t<div class=\"elementor-widget-container\">\n\t\t\t<h3 class=\"elementor-heading-title elementor-size-default\"><a href=\"#\">KAL\u0130TE BELGELER\u0130\n<\/a><\/h3>\t\t<\/div>\n\t\t\t\t<\/div>\n\t\t\t\t<\/div>\n\t\t\t\t<\/div>\n\t\t\t\t\t<\/div>\n\t\t\t\t<\/div>\n\t\t\t\t<\/div>\n\t\t","protected":false},"excerpt":{"rendered":"<p>KATALOGLAR F\u0130YAT L\u0130STELER\u0130 KAL\u0130TE BELGELER\u0130<\/p>\n","protected":false},"author":1,"featured_media":0,"parent":0,"menu_order":0,"comment_status":"closed","ping_status":"closed","template":"","meta":{"footnotes":""},"class_list":["post-112","page","type-page","status-publish","hentry"],"_links":{"self":[{"href":"http:\/\/solokim.com.tr\/tr\/wp-json\/wp\/v2\/pages\/112","targetHints":{"allow":["GET"]}}],"collection":[{"href":"http:\/\/solokim.com.tr\/tr\/wp-json\/wp\/v2\/pages"}],"about":[{"href":"http:\/\/solokim.com.tr\/tr\/wp-json\/wp\/v2\/types\/page"}],"author":[{"embeddable":true,"href":"http:\/\/solokim.com.tr\/tr\/wp-json\/wp\/v2\/users\/1"}],"replies":[{"embeddable":true,"href":"http:\/\/solokim.com.tr\/tr\/wp-json\/wp\/v2\/comments?post=112"}],"version-history":[{"count":19,"href":"http:\/\/solokim.com.tr\/tr\/wp-json\/wp\/v2\/pages\/112\/revisions"}],"predecessor-version":[{"id":828,"href":"http:\/\/solokim.com.tr\/tr\/wp-json\/wp\/v2\/pages\/112\/revisions\/828"}],"wp:attachment":[{"href":"http:\/\/solokim.com.tr\/tr\/wp-json\/wp\/v2\/media?parent=112"}],"curies":[{"name":"wp","href":"https:\/\/api.w.org\/{rel}","templated":true}]}}